{"id":1345,"date":"2025-07-07T05:11:18","date_gmt":"2025-07-07T05:11:18","guid":{"rendered":"https:\/\/richardexpress.com.do\/test\/?page_id=1345"},"modified":"2025-07-07T19:59:53","modified_gmt":"2025-07-07T19:59:53","slug":"politicas-de-seguridad","status":"publish","type":"page","link":"https:\/\/richardexpress.com.do\/test\/politicas-de-seguridad\/","title":{"rendered":"Pol\u00edticas de seguridad"},"content":{"rendered":"\t\t<div data-elementor-type=\"wp-page\" data-elementor-id=\"1345\" class=\"elementor elementor-1345\" data-elementor-post-type=\"page\">\n\t\t\t\t\t\t<section class=\"elementor-section elementor-top-section elementor-element elementor-element-002978a elementor-section-boxed elementor-section-height-default elementor-section-height-default\" data-id=\"002978a\" data-element_type=\"section\" data-e-type=\"section\" data-settings=\"{&quot;background_background&quot;:&quot;classic&quot;}\">\n\t\t\t\t\t\t\t<div class=\"elementor-background-overlay\"><\/div>\n\t\t\t\t\t\t\t<div class=\"elementor-container elementor-column-gap-default\">\n\t\t\t\t\t<div class=\"elementor-column elementor-col-50 elementor-top-column elementor-element elementor-element-02f6212\" data-id=\"02f6212\" data-element_type=\"column\" data-e-type=\"column\">\n\t\t\t<div class=\"elementor-widget-wrap elementor-element-populated\">\n\t\t\t\t\t\t<div class=\"elementor-element elementor-element-8d09a11 elementor-widget elementor-widget-heading\" data-id=\"8d09a11\" data-element_type=\"widget\" data-e-type=\"widget\" data-widget_type=\"heading.default\">\n\t\t\t\t<div class=\"elementor-widget-container\">\n\t\t\t\t\t<h2 class=\"elementor-heading-title elementor-size-default\">Pol\u00edticas de seguridad<\/h2>\t\t\t\t<\/div>\n\t\t\t\t<\/div>\n\t\t\t\t\t<\/div>\n\t\t<\/div>\n\t\t\t\t<div class=\"elementor-column elementor-col-50 elementor-top-column elementor-element elementor-element-ac4abc4\" data-id=\"ac4abc4\" data-element_type=\"column\" data-e-type=\"column\">\n\t\t\t<div class=\"elementor-widget-wrap elementor-element-populated\">\n\t\t\t\t\t\t<div class=\"elementor-element elementor-element-6eb96c9 elementor-icon-list--layout-inline elementor-align-end elementor-mobile-align-center elementor-list-item-link-full_width elementor-widget elementor-widget-icon-list\" data-id=\"6eb96c9\" data-element_type=\"widget\" data-e-type=\"widget\" data-widget_type=\"icon-list.default\">\n\t\t\t\t<div class=\"elementor-widget-container\">\n\t\t\t\t\t\t\t<ul class=\"elementor-icon-list-items elementor-inline-items\">\n\t\t\t\t\t\t\t<li class=\"elementor-icon-list-item elementor-inline-item\">\n\t\t\t\t\t\t\t\t\t\t\t<a href=\"https:\/\/richardexpress.com.do\/test\">\n\n\t\t\t\t\t\t\t\t\t\t\t<span class=\"elementor-icon-list-text\">Inicio<\/span>\n\t\t\t\t\t\t\t\t\t\t\t<\/a>\n\t\t\t\t\t\t\t\t\t<\/li>\n\t\t\t\t\t\t\t\t<li class=\"elementor-icon-list-item elementor-inline-item\">\n\t\t\t\t\t\t\t\t\t\t\t<span class=\"elementor-icon-list-icon\">\n\t\t\t\t\t\t\t<i aria-hidden=\"true\" class=\"jki jki-chevrons-right-line\"><\/i>\t\t\t\t\t\t<\/span>\n\t\t\t\t\t\t\t\t\t\t<span class=\"elementor-icon-list-text\">Pol\u00edticas de seguridad<\/span>\n\t\t\t\t\t\t\t\t\t<\/li>\n\t\t\t\t\t\t<\/ul>\n\t\t\t\t\t\t<\/div>\n\t\t\t\t<\/div>\n\t\t\t\t\t<\/div>\n\t\t<\/div>\n\t\t\t\t\t<\/div>\n\t\t<\/section>\n\t\t\t\t<section class=\"elementor-section elementor-top-section elementor-element elementor-element-aee4ca2 elementor-section-content-middle elementor-reverse-tablet elementor-reverse-mobile elementor-section-boxed elementor-section-height-default elementor-section-height-default\" data-id=\"aee4ca2\" data-element_type=\"section\" data-e-type=\"section\" data-settings=\"{&quot;background_background&quot;:&quot;classic&quot;}\">\n\t\t\t\t\t\t<div class=\"elementor-container elementor-column-gap-default\">\n\t\t\t\t\t<div class=\"elementor-column elementor-col-100 elementor-top-column elementor-element elementor-element-33df2d4\" data-id=\"33df2d4\" data-element_type=\"column\" data-e-type=\"column\">\n\t\t\t<div class=\"elementor-widget-wrap elementor-element-populated\">\n\t\t\t\t\t\t<div class=\"elementor-element elementor-element-f49178d elementor-widget elementor-widget-jkit_heading\" data-id=\"f49178d\" data-element_type=\"widget\" data-e-type=\"widget\" data-widget_type=\"jkit_heading.default\">\n\t\t\t\t<div class=\"elementor-widget-container\">\n\t\t\t\t\t<div  class=\"jeg-elementor-kit jkit-heading  align-left align-tablet- align-mobile- jeg_module___6a00c33dde2b3\" ><div class=\"heading-section-title  display-inline-block\"><h2 class=\"heading-title\">Seguridad del \u2013<span class=\"style-color\"><span> Sitio Web: <\/span><\/span><\/h2><\/div><\/div>\t\t\t\t<\/div>\n\t\t\t\t<\/div>\n\t\t\t\t<div class=\"elementor-element elementor-element-40ef810 elementor-widget elementor-widget-text-editor\" data-id=\"40ef810\" data-element_type=\"widget\" data-e-type=\"widget\" data-widget_type=\"text-editor.default\">\n\t\t\t\t<div class=\"elementor-widget-container\">\n\t\t\t\t\t\t\t\t\t<p>La empresa declara que toma todas las medidas y precauciones razonables para proteger la informaci\u00f3n personal y sigue las mejores pr\u00e1cticas de la industria para asegurar que la informaci\u00f3n no sea utilizada de manera inapropiada, alterada o destruida. Cifran la informaci\u00f3n de tarjetas de cr\u00e9dito utilizando tecnolog\u00eda Secure Sockets Layer (SSL) y la almacenan con cifrado AES-256. Tambi\u00e9n cumplen con todos los requisitos de PCI-DSS.<\/p>\t\t\t\t\t\t\t\t<\/div>\n\t\t\t\t<\/div>\n\t\t\t\t<div class=\"elementor-element elementor-element-dd4bf37 elementor-widget elementor-widget-heading\" data-id=\"dd4bf37\" data-element_type=\"widget\" data-e-type=\"widget\" data-widget_type=\"heading.default\">\n\t\t\t\t<div class=\"elementor-widget-container\">\n\t\t\t\t\t<h4 class=\"elementor-heading-title elementor-size-default\">Seguridad de los Pagos:<\/h4>\t\t\t\t<\/div>\n\t\t\t\t<\/div>\n\t\t\t\t<div class=\"elementor-element elementor-element-b2b32a9 elementor-widget elementor-widget-text-editor\" data-id=\"b2b32a9\" data-element_type=\"widget\" data-e-type=\"widget\" data-widget_type=\"text-editor.default\">\n\t\t\t\t<div class=\"elementor-widget-container\">\n\t\t\t\t\t\t\t\t\tLos m\u00e9todos de pago utilizados por &#8220;LA EMPRESA&#8221; son servicios de terceros (mencionados espec\u00edficamente como AZUL). Estos servicios de terceros cumplen con todos los est\u00e1ndares de seguridad y cifrado para mantener la informaci\u00f3n segura. Solo utilizar\u00e1n la informaci\u00f3n necesaria para completar el proceso requerido. La empresa recomienda leer las Pol\u00edticas de Privacidad de estos proveedores para entender mejor c\u00f3mo manejan la informaci\u00f3n suministrada.\t\t\t\t\t\t\t\t<\/div>\n\t\t\t\t<\/div>\n\t\t\t\t\t<\/div>\n\t\t<\/div>\n\t\t\t\t\t<\/div>\n\t\t<\/section>\n\t\t\t\t<\/div>\n\t\t","protected":false},"excerpt":{"rendered":"<p>Pol\u00edticas de seguridad Inicio Pol\u00edticas de seguridad Seguridad del \u2013 Sitio Web: La empresa declara que toma todas las medidas y precauciones razonables para proteger la informaci\u00f3n personal y sigue las mejores pr\u00e1cticas de la industria para asegurar que la informaci\u00f3n no sea utilizada de manera inapropiada, alterada o destruida. Cifran la informaci\u00f3n de tarjetas [&hellip;]<\/p>\n","protected":false},"author":1,"featured_media":0,"parent":0,"menu_order":0,"comment_status":"closed","ping_status":"closed","template":"elementor_header_footer","meta":{"footnotes":""},"class_list":["post-1345","page","type-page","status-publish","hentry"],"yoast_head":"<!-- This site is optimized with the Yoast SEO plugin v27.5 - https:\/\/yoast.com\/product\/yoast-seo-wordpress\/ -->\n<title>Pol\u00edticas de seguridad -<\/title>\n<meta name=\"robots\" content=\"index, follow, max-snippet:-1, max-image-preview:large, max-video-preview:-1\" \/>\n<link rel=\"canonical\" href=\"https:\/\/richardexpress.com.do\/test\/politicas-de-seguridad\/\" \/>\n<meta property=\"og:locale\" content=\"en_US\" \/>\n<meta property=\"og:type\" content=\"article\" \/>\n<meta property=\"og:title\" content=\"Pol\u00edticas de seguridad -\" \/>\n<meta property=\"og:description\" content=\"Pol\u00edticas de seguridad Inicio Pol\u00edticas de seguridad Seguridad del \u2013 Sitio Web: La empresa declara que toma todas las medidas y precauciones razonables para proteger la informaci\u00f3n personal y sigue las mejores pr\u00e1cticas de la industria para asegurar que la informaci\u00f3n no sea utilizada de manera inapropiada, alterada o destruida. Cifran la informaci\u00f3n de tarjetas [&hellip;]\" \/>\n<meta property=\"og:url\" content=\"https:\/\/richardexpress.com.do\/test\/politicas-de-seguridad\/\" \/>\n<meta property=\"article:publisher\" content=\"https:\/\/www.facebook.com\/profile.php?id=100069402438582\" \/>\n<meta property=\"article:modified_time\" content=\"2025-07-07T19:59:53+00:00\" \/>\n<meta name=\"twitter:card\" content=\"summary_large_image\" \/>\n<meta name=\"twitter:label1\" content=\"Est. reading time\" \/>\n\t<meta name=\"twitter:data1\" content=\"1 minute\" \/>\n<script type=\"application\/ld+json\" class=\"yoast-schema-graph\">{\"@context\":\"https:\\\/\\\/schema.org\",\"@graph\":[{\"@type\":\"WebPage\",\"@id\":\"https:\\\/\\\/richardexpress.com.do\\\/test\\\/politicas-de-seguridad\\\/\",\"url\":\"https:\\\/\\\/richardexpress.com.do\\\/test\\\/politicas-de-seguridad\\\/\",\"name\":\"Pol\u00edticas de seguridad -\",\"isPartOf\":{\"@id\":\"https:\\\/\\\/richardexpress.com.do\\\/test\\\/#website\"},\"datePublished\":\"2025-07-07T05:11:18+00:00\",\"dateModified\":\"2025-07-07T19:59:53+00:00\",\"breadcrumb\":{\"@id\":\"https:\\\/\\\/richardexpress.com.do\\\/test\\\/politicas-de-seguridad\\\/#breadcrumb\"},\"inLanguage\":\"en-US\",\"potentialAction\":[{\"@type\":\"ReadAction\",\"target\":[\"https:\\\/\\\/richardexpress.com.do\\\/test\\\/politicas-de-seguridad\\\/\"]}]},{\"@type\":\"BreadcrumbList\",\"@id\":\"https:\\\/\\\/richardexpress.com.do\\\/test\\\/politicas-de-seguridad\\\/#breadcrumb\",\"itemListElement\":[{\"@type\":\"ListItem\",\"position\":1,\"name\":\"Home\",\"item\":\"https:\\\/\\\/richardexpress.com.do\\\/test\\\/\"},{\"@type\":\"ListItem\",\"position\":2,\"name\":\"Pol\u00edticas de seguridad\"}]},{\"@type\":\"WebSite\",\"@id\":\"https:\\\/\\\/richardexpress.com.do\\\/test\\\/#website\",\"url\":\"https:\\\/\\\/richardexpress.com.do\\\/test\\\/\",\"name\":\"Richard Express\",\"description\":\"\",\"publisher\":{\"@id\":\"https:\\\/\\\/richardexpress.com.do\\\/test\\\/#organization\"},\"potentialAction\":[{\"@type\":\"SearchAction\",\"target\":{\"@type\":\"EntryPoint\",\"urlTemplate\":\"https:\\\/\\\/richardexpress.com.do\\\/test\\\/?s={search_term_string}\"},\"query-input\":{\"@type\":\"PropertyValueSpecification\",\"valueRequired\":true,\"valueName\":\"search_term_string\"}}],\"inLanguage\":\"en-US\"},{\"@type\":\"Organization\",\"@id\":\"https:\\\/\\\/richardexpress.com.do\\\/test\\\/#organization\",\"name\":\"Richard Express\",\"url\":\"https:\\\/\\\/richardexpress.com.do\\\/test\\\/\",\"logo\":{\"@type\":\"ImageObject\",\"inLanguage\":\"en-US\",\"@id\":\"https:\\\/\\\/richardexpress.com.do\\\/test\\\/#\\\/schema\\\/logo\\\/image\\\/\",\"url\":\"https:\\\/\\\/richardexpress.com.do\\\/wp-content\\\/uploads\\\/2024\\\/05\\\/Logo_black_RichardExpress_2000.png\",\"contentUrl\":\"https:\\\/\\\/richardexpress.com.do\\\/wp-content\\\/uploads\\\/2024\\\/05\\\/Logo_black_RichardExpress_2000.png\",\"width\":2000,\"height\":666,\"caption\":\"Richard Express\"},\"image\":{\"@id\":\"https:\\\/\\\/richardexpress.com.do\\\/test\\\/#\\\/schema\\\/logo\\\/image\\\/\"},\"sameAs\":[\"https:\\\/\\\/www.facebook.com\\\/profile.php?id=100069402438582\",\"https:\\\/\\\/www.instagram.com\\\/richardexpress.com.do\\\/\"]}]}<\/script>\n<!-- \/ Yoast SEO plugin. -->","yoast_head_json":{"title":"Pol\u00edticas de seguridad -","robots":{"index":"index","follow":"follow","max-snippet":"max-snippet:-1","max-image-preview":"max-image-preview:large","max-video-preview":"max-video-preview:-1"},"canonical":"https:\/\/richardexpress.com.do\/test\/politicas-de-seguridad\/","og_locale":"en_US","og_type":"article","og_title":"Pol\u00edticas de seguridad -","og_description":"Pol\u00edticas de seguridad Inicio Pol\u00edticas de seguridad Seguridad del \u2013 Sitio Web: La empresa declara que toma todas las medidas y precauciones razonables para proteger la informaci\u00f3n personal y sigue las mejores pr\u00e1cticas de la industria para asegurar que la informaci\u00f3n no sea utilizada de manera inapropiada, alterada o destruida. Cifran la informaci\u00f3n de tarjetas [&hellip;]","og_url":"https:\/\/richardexpress.com.do\/test\/politicas-de-seguridad\/","article_publisher":"https:\/\/www.facebook.com\/profile.php?id=100069402438582","article_modified_time":"2025-07-07T19:59:53+00:00","twitter_card":"summary_large_image","twitter_misc":{"Est. reading time":"1 minute"},"schema":{"@context":"https:\/\/schema.org","@graph":[{"@type":"WebPage","@id":"https:\/\/richardexpress.com.do\/test\/politicas-de-seguridad\/","url":"https:\/\/richardexpress.com.do\/test\/politicas-de-seguridad\/","name":"Pol\u00edticas de seguridad -","isPartOf":{"@id":"https:\/\/richardexpress.com.do\/test\/#website"},"datePublished":"2025-07-07T05:11:18+00:00","dateModified":"2025-07-07T19:59:53+00:00","breadcrumb":{"@id":"https:\/\/richardexpress.com.do\/test\/politicas-de-seguridad\/#breadcrumb"},"inLanguage":"en-US","potentialAction":[{"@type":"ReadAction","target":["https:\/\/richardexpress.com.do\/test\/politicas-de-seguridad\/"]}]},{"@type":"BreadcrumbList","@id":"https:\/\/richardexpress.com.do\/test\/politicas-de-seguridad\/#breadcrumb","itemListElement":[{"@type":"ListItem","position":1,"name":"Home","item":"https:\/\/richardexpress.com.do\/test\/"},{"@type":"ListItem","position":2,"name":"Pol\u00edticas de seguridad"}]},{"@type":"WebSite","@id":"https:\/\/richardexpress.com.do\/test\/#website","url":"https:\/\/richardexpress.com.do\/test\/","name":"Richard Express","description":"","publisher":{"@id":"https:\/\/richardexpress.com.do\/test\/#organization"},"potentialAction":[{"@type":"SearchAction","target":{"@type":"EntryPoint","urlTemplate":"https:\/\/richardexpress.com.do\/test\/?s={search_term_string}"},"query-input":{"@type":"PropertyValueSpecification","valueRequired":true,"valueName":"search_term_string"}}],"inLanguage":"en-US"},{"@type":"Organization","@id":"https:\/\/richardexpress.com.do\/test\/#organization","name":"Richard Express","url":"https:\/\/richardexpress.com.do\/test\/","logo":{"@type":"ImageObject","inLanguage":"en-US","@id":"https:\/\/richardexpress.com.do\/test\/#\/schema\/logo\/image\/","url":"https:\/\/richardexpress.com.do\/wp-content\/uploads\/2024\/05\/Logo_black_RichardExpress_2000.png","contentUrl":"https:\/\/richardexpress.com.do\/wp-content\/uploads\/2024\/05\/Logo_black_RichardExpress_2000.png","width":2000,"height":666,"caption":"Richard Express"},"image":{"@id":"https:\/\/richardexpress.com.do\/test\/#\/schema\/logo\/image\/"},"sameAs":["https:\/\/www.facebook.com\/profile.php?id=100069402438582","https:\/\/www.instagram.com\/richardexpress.com.do\/"]}]}},"_links":{"self":[{"href":"https:\/\/richardexpress.com.do\/test\/wp-json\/wp\/v2\/pages\/1345","targetHints":{"allow":["GET"]}}],"collection":[{"href":"https:\/\/richardexpress.com.do\/test\/wp-json\/wp\/v2\/pages"}],"about":[{"href":"https:\/\/richardexpress.com.do\/test\/wp-json\/wp\/v2\/types\/page"}],"author":[{"embeddable":true,"href":"https:\/\/richardexpress.com.do\/test\/wp-json\/wp\/v2\/users\/1"}],"replies":[{"embeddable":true,"href":"https:\/\/richardexpress.com.do\/test\/wp-json\/wp\/v2\/comments?post=1345"}],"version-history":[{"count":5,"href":"https:\/\/richardexpress.com.do\/test\/wp-json\/wp\/v2\/pages\/1345\/revisions"}],"predecessor-version":[{"id":1352,"href":"https:\/\/richardexpress.com.do\/test\/wp-json\/wp\/v2\/pages\/1345\/revisions\/1352"}],"wp:attachment":[{"href":"https:\/\/richardexpress.com.do\/test\/wp-json\/wp\/v2\/media?parent=1345"}],"curies":[{"name":"wp","href":"https:\/\/api.w.org\/{rel}","templated":true}]}}