{"id":1257,"date":"2025-06-16T01:42:15","date_gmt":"2025-06-16T01:42:15","guid":{"rendered":"https:\/\/richardexpress.com.do\/test\/?page_id=1257"},"modified":"2025-06-16T04:39:53","modified_gmt":"2025-06-16T04:39:53","slug":"terminos-y-condiciones","status":"publish","type":"page","link":"https:\/\/richardexpress.com.do\/test\/terminos-y-condiciones\/","title":{"rendered":"Terminos y condiciones"},"content":{"rendered":"\t\t<div data-elementor-type=\"wp-page\" data-elementor-id=\"1257\" class=\"elementor elementor-1257\" data-elementor-post-type=\"page\">\n\t\t\t\t\t\t<section class=\"elementor-section elementor-top-section elementor-element elementor-element-fe8b8f1 elementor-section-boxed elementor-section-height-default elementor-section-height-default\" data-id=\"fe8b8f1\" data-element_type=\"section\" data-e-type=\"section\" data-settings=\"{&quot;background_background&quot;:&quot;classic&quot;}\">\n\t\t\t\t\t\t\t<div class=\"elementor-background-overlay\"><\/div>\n\t\t\t\t\t\t\t<div class=\"elementor-container elementor-column-gap-default\">\n\t\t\t\t\t<div class=\"elementor-column elementor-col-50 elementor-top-column elementor-element elementor-element-e307479\" data-id=\"e307479\" data-element_type=\"column\" data-e-type=\"column\">\n\t\t\t<div class=\"elementor-widget-wrap elementor-element-populated\">\n\t\t\t\t\t\t<div class=\"elementor-element elementor-element-eca6fbe elementor-widget elementor-widget-heading\" data-id=\"eca6fbe\" data-element_type=\"widget\" data-e-type=\"widget\" data-widget_type=\"heading.default\">\n\t\t\t\t<div class=\"elementor-widget-container\">\n\t\t\t\t\t<h2 class=\"elementor-heading-title elementor-size-default\">T\u00e9rminos y Condiciones<\/h2>\t\t\t\t<\/div>\n\t\t\t\t<\/div>\n\t\t\t\t\t<\/div>\n\t\t<\/div>\n\t\t\t\t<div class=\"elementor-column elementor-col-50 elementor-top-column elementor-element elementor-element-ee1a363\" data-id=\"ee1a363\" data-element_type=\"column\" data-e-type=\"column\">\n\t\t\t<div class=\"elementor-widget-wrap elementor-element-populated\">\n\t\t\t\t\t\t<div class=\"elementor-element elementor-element-2de635b elementor-icon-list--layout-inline elementor-align-end elementor-mobile-align-center elementor-list-item-link-full_width elementor-widget elementor-widget-icon-list\" data-id=\"2de635b\" data-element_type=\"widget\" data-e-type=\"widget\" data-widget_type=\"icon-list.default\">\n\t\t\t\t<div class=\"elementor-widget-container\">\n\t\t\t\t\t\t\t<ul class=\"elementor-icon-list-items elementor-inline-items\">\n\t\t\t\t\t\t\t<li class=\"elementor-icon-list-item elementor-inline-item\">\n\t\t\t\t\t\t\t\t\t\t\t<a href=\"https:\/\/richardexpress.com.do\/test\">\n\n\t\t\t\t\t\t\t\t\t\t\t<span class=\"elementor-icon-list-text\">Inicio<\/span>\n\t\t\t\t\t\t\t\t\t\t\t<\/a>\n\t\t\t\t\t\t\t\t\t<\/li>\n\t\t\t\t\t\t\t\t<li class=\"elementor-icon-list-item elementor-inline-item\">\n\t\t\t\t\t\t\t\t\t\t\t<span class=\"elementor-icon-list-icon\">\n\t\t\t\t\t\t\t<i aria-hidden=\"true\" class=\"jki jki-chevrons-right-line\"><\/i>\t\t\t\t\t\t<\/span>\n\t\t\t\t\t\t\t\t\t\t<span class=\"elementor-icon-list-text\">T\u00e9rminos y Condiciones<\/span>\n\t\t\t\t\t\t\t\t\t<\/li>\n\t\t\t\t\t\t<\/ul>\n\t\t\t\t\t\t<\/div>\n\t\t\t\t<\/div>\n\t\t\t\t\t<\/div>\n\t\t<\/div>\n\t\t\t\t\t<\/div>\n\t\t<\/section>\n\t\t\t\t<section class=\"elementor-section elementor-top-section elementor-element elementor-element-7c0422e elementor-section-content-middle elementor-reverse-tablet elementor-reverse-mobile elementor-section-boxed elementor-section-height-default elementor-section-height-default\" data-id=\"7c0422e\" data-element_type=\"section\" data-e-type=\"section\" data-settings=\"{&quot;background_background&quot;:&quot;classic&quot;}\">\n\t\t\t\t\t\t<div class=\"elementor-container elementor-column-gap-default\">\n\t\t\t\t\t<div class=\"elementor-column elementor-col-100 elementor-top-column elementor-element elementor-element-64a9098\" data-id=\"64a9098\" data-element_type=\"column\" data-e-type=\"column\">\n\t\t\t<div class=\"elementor-widget-wrap elementor-element-populated\">\n\t\t\t\t\t\t<div class=\"elementor-element elementor-element-e5c7e30 elementor-widget elementor-widget-jkit_heading\" data-id=\"e5c7e30\" data-element_type=\"widget\" data-e-type=\"widget\" data-widget_type=\"jkit_heading.default\">\n\t\t\t\t<div class=\"elementor-widget-container\">\n\t\t\t\t\t<div  class=\"jeg-elementor-kit jkit-heading  align-left align-tablet- align-mobile- jeg_module___6a00c35e8cf17\" ><div class=\"heading-section-title  display-inline-block\"><h2 class=\"heading-title\">Pol\u00edtica de privacidad \u2013<span class=\"style-color\"><span>T\u00e9rminos y Condiciones<\/span><\/span><\/h2><\/div><\/div>\t\t\t\t<\/div>\n\t\t\t\t<\/div>\n\t\t\t\t<div class=\"elementor-element elementor-element-31527da elementor-widget elementor-widget-text-editor\" data-id=\"31527da\" data-element_type=\"widget\" data-e-type=\"widget\" data-widget_type=\"text-editor.default\">\n\t\t\t\t<div class=\"elementor-widget-container\">\n\t\t\t\t\t\t\t\t\t<p>Este web site recoge algunos Datos Personales de los Usuarios, correo:<\/p>\t\t\t\t\t\t\t\t<\/div>\n\t\t\t\t<\/div>\n\t\t\t\t<div class=\"elementor-element elementor-element-60cd160 elementor-icon-list--layout-traditional elementor-list-item-link-full_width elementor-widget elementor-widget-icon-list\" data-id=\"60cd160\" data-element_type=\"widget\" data-e-type=\"widget\" data-widget_type=\"icon-list.default\">\n\t\t\t\t<div class=\"elementor-widget-container\">\n\t\t\t\t\t\t\t<ul class=\"elementor-icon-list-items\">\n\t\t\t\t\t\t\t<li class=\"elementor-icon-list-item\">\n\t\t\t\t\t\t\t\t\t\t\t<a href=\"mailto:ventas@richardexpress.com.do\">\n\n\t\t\t\t\t\t\t\t\t\t\t<span class=\"elementor-icon-list-text\">Correo: ventas@richardexpress.com.do<\/span>\n\t\t\t\t\t\t\t\t\t\t\t<\/a>\n\t\t\t\t\t\t\t\t\t<\/li>\n\t\t\t\t\t\t\t\t<li class=\"elementor-icon-list-item\">\n\t\t\t\t\t\t\t\t\t\t\t<a href=\"https:\/\/api.whatsapp.com\/send?phone=+18093089862\">\n\n\t\t\t\t\t\t\t\t\t\t\t<span class=\"elementor-icon-list-text\">Whatsapp: +1 (809) 308 9862<\/span>\n\t\t\t\t\t\t\t\t\t\t\t<\/a>\n\t\t\t\t\t\t\t\t\t<\/li>\n\t\t\t\t\t\t<\/ul>\n\t\t\t\t\t\t<\/div>\n\t\t\t\t<\/div>\n\t\t\t\t<div class=\"elementor-element elementor-element-5dac7db elementor-widget elementor-widget-heading\" data-id=\"5dac7db\" data-element_type=\"widget\" data-e-type=\"widget\" data-widget_type=\"heading.default\">\n\t\t\t\t<div class=\"elementor-widget-container\">\n\t\t\t\t\t<h4 class=\"elementor-heading-title elementor-size-default\">Clases de Datos recogidos<\/h4>\t\t\t\t<\/div>\n\t\t\t\t<\/div>\n\t\t\t\t<div class=\"elementor-element elementor-element-e92de9b elementor-widget elementor-widget-text-editor\" data-id=\"e92de9b\" data-element_type=\"widget\" data-e-type=\"widget\" data-widget_type=\"text-editor.default\">\n\t\t\t\t<div class=\"elementor-widget-container\">\n\t\t\t\t\t\t\t\t\tEntre las clases de Datos Personales que en esta p\u00e1gina se encuentra: Cookie, Datos de Uso, direcci\u00f3n de correo electr\u00f3nico, nombre, apellido(s), n\u00famero de tel\u00e9fono, al momento de pagar deber\u00e1 de colocar su n\u00famero de tarjeta de cr\u00e9dito o d\u00e9bito, entre otros datos\n\nLos Datos Personales son proporcionados por el usuario por su propia voluntad\n\nEl usuario asume la responsabilidad por los datos personales compartidos mediante este web site y declara que tiene el consentimiento para proporcionar los Datos al Titular.\t\t\t\t\t\t\t\t<\/div>\n\t\t\t\t<\/div>\n\t\t\t\t<div class=\"elementor-element elementor-element-9beec56 elementor-widget elementor-widget-heading\" data-id=\"9beec56\" data-element_type=\"widget\" data-e-type=\"widget\" data-widget_type=\"heading.default\">\n\t\t\t\t<div class=\"elementor-widget-container\">\n\t\t\t\t\t<h4 class=\"elementor-heading-title elementor-size-default\">Modalidad y lugar del Tratamiento de los Datos recogidos<\/h4>\t\t\t\t<\/div>\n\t\t\t\t<\/div>\n\t\t\t\t<div class=\"elementor-element elementor-element-4e78a85 elementor-widget elementor-widget-text-editor\" data-id=\"4e78a85\" data-element_type=\"widget\" data-e-type=\"widget\" data-widget_type=\"text-editor.default\">\n\t\t\t\t<div class=\"elementor-widget-container\">\n\t\t\t\t\t\t\t\t\t<p><strong>Modalidades de Tratamiento<\/strong><\/p><p>El responsable tratar\u00e1 los datos de los usuarios de manera adecuada y adoptar\u00e1 las medidas de seguridad apropiadas para impedir el acceso, la revelaci\u00f3n, alteraci\u00f3n o destrucci\u00f3n no autorizados de los datos.<br \/>El tratamiento de datos se realiza mediante ordenadores y\/o herramientas inform\u00e1ticas, siguiendo procedimientos y modalidades organizativas estrictamente relacionadas con las finalidades se\u00f1aladas.<\/p><p><strong>Lugar<\/strong><\/p><p>Los Datos ser\u00e1n tratados por <strong>Richard Express<\/strong> Para m\u00e1s informaci\u00f3n, por favor p\u00f3ngase en contacto con el responsable a <a href=\"mailto:ventas@richardexpress.com.do\">ventas@richardexpress.com.do<\/a><\/p><p><strong>Per\u00edodo de conservaci\u00f3n<\/strong><\/p><p>Los datos ser\u00e1n tratados durante el plazo necesario para prestar el servicio solicitado por el usuario, o el que se requiera en funci\u00f3n de las finalidades descritas en este documento, y el usuario tendr\u00e1 en todo momento la facultad de solicitar la interrupci\u00f3n de su tratamiento o la cancelaci\u00f3n de los Datos.<\/p>\t\t\t\t\t\t\t\t<\/div>\n\t\t\t\t<\/div>\n\t\t\t\t<div class=\"elementor-element elementor-element-02783ca elementor-widget elementor-widget-heading\" data-id=\"02783ca\" data-element_type=\"widget\" data-e-type=\"widget\" data-widget_type=\"heading.default\">\n\t\t\t\t<div class=\"elementor-widget-container\">\n\t\t\t\t\t<h4 class=\"elementor-heading-title elementor-size-default\">Finalidad del Tratamiento de los Datos recogidos<\/h4>\t\t\t\t<\/div>\n\t\t\t\t<\/div>\n\t\t\t\t<div class=\"elementor-element elementor-element-7434486 elementor-widget elementor-widget-text-editor\" data-id=\"7434486\" data-element_type=\"widget\" data-e-type=\"widget\" data-widget_type=\"text-editor.default\">\n\t\t\t\t<div class=\"elementor-widget-container\">\n\t\t\t\t\t\t\t\t\t<p>Los Datos relativos al usuario son recogidos para permitir al titular la prestaci\u00f3n de sus servicios, as\u00ed como para las siguientes finalidades: Estad\u00edsticas, remarketing, behavioral targeting, gesti\u00f3n de contactos, env\u00edo de mensajes, publicidad y contactar con el usuario por cualquier otra v\u00eda.<\/p><p>Los datos personales utilizados para cada finalidad son descritos en los apartados espec\u00edficos de este documento.<\/p>\t\t\t\t\t\t\t\t<\/div>\n\t\t\t\t<\/div>\n\t\t\t\t<div class=\"elementor-element elementor-element-e7b4430 elementor-widget elementor-widget-heading\" data-id=\"e7b4430\" data-element_type=\"widget\" data-e-type=\"widget\" data-widget_type=\"heading.default\">\n\t\t\t\t<div class=\"elementor-widget-container\">\n\t\t\t\t\t<h4 class=\"elementor-heading-title elementor-size-default\">Informaci\u00f3n detallada del tratamiento de los Datos Personales<\/h4>\t\t\t\t<\/div>\n\t\t\t\t<\/div>\n\t\t\t\t<div class=\"elementor-element elementor-element-4b6b88d elementor-widget elementor-widget-text-editor\" data-id=\"4b6b88d\" data-element_type=\"widget\" data-e-type=\"widget\" data-widget_type=\"text-editor.default\">\n\t\t\t\t<div class=\"elementor-widget-container\">\n\t\t\t\t\t\t\t\t\t<p>Se recogen Datos Personales para las siguientes finalidades y utilizando los siguientes servicios:<\/p><p><strong>Contactar con el Usuario<\/strong><\/p><p><strong>Formulario de contacto (Landing)<\/strong><\/p><p>Al rellenar el formulario de contacto con sus datos, el usuario autoriza a <strong>RICHARD EXPRESS<\/strong> a utilizar dichos datos para responder a solicitudes de informaci\u00f3n o de cualquier otro tipo que est\u00e9 indicado en el encabezamiento del formulario.<\/p><p><strong>Estad\u00edsticas<\/strong><\/p><p>Los servicios contenidos en esta secci\u00f3n permiten al titular monitorizar y analizar el tr\u00e1fico web y pueden ser utilizados para rastrear el comportamiento del usuario.<\/p><p><strong>Google Analytics (Google Inc.)<\/strong><\/p><p>Google Analytics es un servicio de an\u00e1lisis web prestado por Google Inc. (\u201cGoogle\u201d). Google utiliza los datos recogidos para rastrear y examinar el uso de esta Aplicaci\u00f3n, para preparar informes de sus actividades y compartirlos con otros servicios de Google. Google puede utilizar los datos recogidos para contextualizar y personalizar los anuncios de su propia red de publicidad.<\/p><p><strong>Seguimiento de conversiones de Facebook Ads (Facebook, Inc.)<\/strong><\/p><p>El Seguimiento de conversiones de Facebook Ads es un servicio de estad\u00edsticas prestado por Facebook, Inc. que conecta los datos de la red de publicidad de Facebook con las acciones realizadas en esta Aplicaci\u00f3n. (Meta \u2013 Facebook e Instagram).<\/p><p><strong>Gesti\u00f3n de contactos y env\u00edo de mensajes<\/strong><\/p><p>Este tipo de servicios permiten gestionar una base de datos de direcciones de correo electr\u00f3nico, n\u00fameros de tel\u00e9fono u otra informaci\u00f3n de contacto para comunicarse con el usuario. Tambi\u00e9n es posible que estos servicios recojan datos relativos a la fecha y la hora en las que el usuario visualiz\u00f3 el mensaje, as\u00ed como sobre las interacciones del usuario con dicho mensaje, tales como clicar en enlaces insertados en el mensaje.<\/p><p><strong>Publicidad<\/strong><\/p><p>Este tipo de servicios permiten utilizar los datos del usuario para comunicaciones comerciales bajo diversas formas publicitarias, tales como banners, si bien siempre en relaci\u00f3n con los intereses del usuario.<\/p><p>Esto no significa que todos los datos personales sean utilizados para esta finalidad. La informaci\u00f3n y condiciones de uso se detallan m\u00e1s adelante.<\/p><p>Algunos de los servicios indicados m\u00e1s abajo pueden emplear cookies para identificar a los usuarios o pueden utilizar la t\u00e9cnica del behavioral retargeting, es decir mostrar anuncios publicitarios personalizados en base a los intereses y al comportamiento del usuario, inclusive aquellos que hayan sido obtenidos fuera de este web site.<\/p><p><strong>Remarketing y behavioral targeting<\/strong><\/p><p>Este tipo de servicios permiten a este web site optimizar y mostrar anuncios publicitarios basados en el historial de uso.<\/p><p><strong>Informaci\u00f3n no contenida en esta pol\u00edtica de privacida<\/strong>d<\/p><p>Se podr\u00e1 solicitar en cualquier momento informaci\u00f3n adicional sobre la recogida y el tratamiento de los datos personales al responsable. Encontrar\u00e1 la informaci\u00f3n de contacto al inicio del presente documento.<\/p><p><strong>Informaci\u00f3n acerca de esta pol\u00edtica de privacidad<\/strong><\/p><p>Somos responsables de la pol\u00edtica de privacidad, Art. 44.2 de la Constituci\u00f3n de la Rep\u00fablica Dominicana, texto que establece que: \u201cToda persona tiene derecho a acceder a la informaci\u00f3n y a los datos que sobre ella o sus bienes reposen en los registros oficiales o privados, as\u00ed como conocer el destino y el uso que se haga de los mismos. \u201c<\/p><p><strong>Datos de Uso<\/strong><\/p><p>Las informaciones recogidas de forma autom\u00e1tica por este web site que podr\u00e1n incluir: las direcciones IP o nombres de dominio de los ordenadores utilizados por el usuario<\/p><p>que visite este web site las direcciones URI (Uniform Resource Identifier), la hora de la solicitud, el m\u00e9todo utilizado para realizar la solicitud al servidor, las dimensiones del archivo obtenido en respuesta, el c\u00f3digo num\u00e9rico indicando el estado de la respuesta del servidor (resultado satisfactorio, error, etc\u2026), el pa\u00eds de origen, las caracter\u00edsticas del navegador y del sistema operativo utilizados por el visitante, las diversas coordenadas temporales de la visita (por ejemplo, el tiempo de permanencia en cada una de las p\u00e1ginas) y los detalles relativos al itinerario seguido dentro del web site, con especial referencia a la secuencia de p\u00e1ginas consultadas, a los par\u00e1metros relativos al sistema operativo y al entorno inform\u00e1tico del usuario.<\/p><p><strong>Titular de los Datos<\/strong><\/p><p>La persona f\u00edsica o jur\u00eddica a la que se refieren los datos personales.<\/p><p><strong>Encargado del manejo de los Datos<\/strong><\/p><p>La persona f\u00edsica, jur\u00eddica, administraci\u00f3n p\u00fablica o cualquier otra instituci\u00f3n, asociaci\u00f3n u organizaci\u00f3n autorizada por el responsable a tratar los datos personales de conformidad con esta pol\u00edtica de privacidad.<\/p><p><strong>Cookie<\/strong><\/p><p>Peque\u00f1a unidad de datos almacenada en el dispositivo del Usuario.<\/p><p><strong>Informaci\u00f3n legal<\/strong><\/p><p>Aviso a los Usuario: la presente declaraci\u00f3n de privacidad ha sido redactada en cumplimiento de las obligaciones previstas en el Art. 44 de la constituci\u00f3n de la Rep\u00fablica Dominicana, Ley 172-13 que tiene por objeto la protecci\u00f3n integral de los datos personales asentados en archivos, registros p\u00fablicos, bancos de datos u otros medios t\u00e9cnicos de tratamiento de datos destinados a dar informes (la \u201cLey de Protecci\u00f3n de Datos\u201d).<\/p><p>El procesamiento de datos es necesario para la satisfacci\u00f3n de nuestros intereses leg\u00edtimos, respetando al mismo tiempo sus derechos y libertades fundamentales. Tambi\u00e9n podemos procesar sus datos sobre la base de su consentimiento.<\/p><p>Hemos adoptado esta pol\u00edtica de privacidad, as\u00ed como otros procedimientos internos, con el fin de cumplir con los t\u00e9rminos y condiciones de la Ley de protecci\u00f3n de datos y a los fines de que usted cuente con informaci\u00f3n suficiente sobre los fines y tratamiento que se le dar\u00e1 a la informaci\u00f3n que usted proporcione a www.ademialamano.do<\/p><p>Esta pol\u00edtica de privacidad se refiere \u00fanicamente a este web site.<\/p>\t\t\t\t\t\t\t\t<\/div>\n\t\t\t\t<\/div>\n\t\t\t\t\t<\/div>\n\t\t<\/div>\n\t\t\t\t\t<\/div>\n\t\t<\/section>\n\t\t\t\t<\/div>\n\t\t","protected":false},"excerpt":{"rendered":"<p>T\u00e9rminos y Condiciones Inicio T\u00e9rminos y Condiciones Pol\u00edtica de privacidad \u2013T\u00e9rminos y Condiciones Este web site recoge algunos Datos Personales de los Usuarios, correo: Correo: ventas@richardexpress.com.do Whatsapp: +1 (809) 308 9862 Clases de Datos recogidos Entre las clases de Datos Personales que en esta p\u00e1gina se encuentra: Cookie, Datos de Uso, direcci\u00f3n de correo electr\u00f3nico, [&hellip;]<\/p>\n","protected":false},"author":1,"featured_media":0,"parent":0,"menu_order":0,"comment_status":"closed","ping_status":"closed","template":"elementor_header_footer","meta":{"footnotes":""},"class_list":["post-1257","page","type-page","status-publish","hentry"],"yoast_head":"<!-- This site is optimized with the Yoast SEO plugin v27.5 - https:\/\/yoast.com\/product\/yoast-seo-wordpress\/ -->\n<title>Terminos y condiciones -<\/title>\n<meta name=\"robots\" content=\"index, follow, max-snippet:-1, max-image-preview:large, max-video-preview:-1\" \/>\n<link rel=\"canonical\" href=\"https:\/\/richardexpress.com.do\/test\/terminos-y-condiciones\/\" \/>\n<meta property=\"og:locale\" content=\"en_US\" \/>\n<meta property=\"og:type\" content=\"article\" \/>\n<meta property=\"og:title\" content=\"Terminos y condiciones -\" \/>\n<meta property=\"og:description\" content=\"T\u00e9rminos y Condiciones Inicio T\u00e9rminos y Condiciones Pol\u00edtica de privacidad \u2013T\u00e9rminos y Condiciones Este web site recoge algunos Datos Personales de los Usuarios, correo: Correo: ventas@richardexpress.com.do Whatsapp: +1 (809) 308 9862 Clases de Datos recogidos Entre las clases de Datos Personales que en esta p\u00e1gina se encuentra: Cookie, Datos de Uso, direcci\u00f3n de correo electr\u00f3nico, [&hellip;]\" \/>\n<meta property=\"og:url\" content=\"https:\/\/richardexpress.com.do\/test\/terminos-y-condiciones\/\" \/>\n<meta property=\"article:publisher\" content=\"https:\/\/www.facebook.com\/profile.php?id=100069402438582\" \/>\n<meta property=\"article:modified_time\" content=\"2025-06-16T04:39:53+00:00\" \/>\n<meta name=\"twitter:card\" content=\"summary_large_image\" \/>\n<meta name=\"twitter:label1\" content=\"Est. reading time\" \/>\n\t<meta name=\"twitter:data1\" content=\"6 minutes\" \/>\n<script type=\"application\/ld+json\" class=\"yoast-schema-graph\">{\"@context\":\"https:\\\/\\\/schema.org\",\"@graph\":[{\"@type\":\"WebPage\",\"@id\":\"https:\\\/\\\/richardexpress.com.do\\\/test\\\/terminos-y-condiciones\\\/\",\"url\":\"https:\\\/\\\/richardexpress.com.do\\\/test\\\/terminos-y-condiciones\\\/\",\"name\":\"Terminos y condiciones -\",\"isPartOf\":{\"@id\":\"https:\\\/\\\/richardexpress.com.do\\\/test\\\/#website\"},\"datePublished\":\"2025-06-16T01:42:15+00:00\",\"dateModified\":\"2025-06-16T04:39:53+00:00\",\"breadcrumb\":{\"@id\":\"https:\\\/\\\/richardexpress.com.do\\\/test\\\/terminos-y-condiciones\\\/#breadcrumb\"},\"inLanguage\":\"en-US\",\"potentialAction\":[{\"@type\":\"ReadAction\",\"target\":[\"https:\\\/\\\/richardexpress.com.do\\\/test\\\/terminos-y-condiciones\\\/\"]}]},{\"@type\":\"BreadcrumbList\",\"@id\":\"https:\\\/\\\/richardexpress.com.do\\\/test\\\/terminos-y-condiciones\\\/#breadcrumb\",\"itemListElement\":[{\"@type\":\"ListItem\",\"position\":1,\"name\":\"Home\",\"item\":\"https:\\\/\\\/richardexpress.com.do\\\/test\\\/\"},{\"@type\":\"ListItem\",\"position\":2,\"name\":\"Terminos y condiciones\"}]},{\"@type\":\"WebSite\",\"@id\":\"https:\\\/\\\/richardexpress.com.do\\\/test\\\/#website\",\"url\":\"https:\\\/\\\/richardexpress.com.do\\\/test\\\/\",\"name\":\"Richard Express\",\"description\":\"\",\"publisher\":{\"@id\":\"https:\\\/\\\/richardexpress.com.do\\\/test\\\/#organization\"},\"potentialAction\":[{\"@type\":\"SearchAction\",\"target\":{\"@type\":\"EntryPoint\",\"urlTemplate\":\"https:\\\/\\\/richardexpress.com.do\\\/test\\\/?s={search_term_string}\"},\"query-input\":{\"@type\":\"PropertyValueSpecification\",\"valueRequired\":true,\"valueName\":\"search_term_string\"}}],\"inLanguage\":\"en-US\"},{\"@type\":\"Organization\",\"@id\":\"https:\\\/\\\/richardexpress.com.do\\\/test\\\/#organization\",\"name\":\"Richard Express\",\"url\":\"https:\\\/\\\/richardexpress.com.do\\\/test\\\/\",\"logo\":{\"@type\":\"ImageObject\",\"inLanguage\":\"en-US\",\"@id\":\"https:\\\/\\\/richardexpress.com.do\\\/test\\\/#\\\/schema\\\/logo\\\/image\\\/\",\"url\":\"https:\\\/\\\/richardexpress.com.do\\\/wp-content\\\/uploads\\\/2024\\\/05\\\/Logo_black_RichardExpress_2000.png\",\"contentUrl\":\"https:\\\/\\\/richardexpress.com.do\\\/wp-content\\\/uploads\\\/2024\\\/05\\\/Logo_black_RichardExpress_2000.png\",\"width\":2000,\"height\":666,\"caption\":\"Richard Express\"},\"image\":{\"@id\":\"https:\\\/\\\/richardexpress.com.do\\\/test\\\/#\\\/schema\\\/logo\\\/image\\\/\"},\"sameAs\":[\"https:\\\/\\\/www.facebook.com\\\/profile.php?id=100069402438582\",\"https:\\\/\\\/www.instagram.com\\\/richardexpress.com.do\\\/\"]}]}<\/script>\n<!-- \/ Yoast SEO plugin. -->","yoast_head_json":{"title":"Terminos y condiciones -","robots":{"index":"index","follow":"follow","max-snippet":"max-snippet:-1","max-image-preview":"max-image-preview:large","max-video-preview":"max-video-preview:-1"},"canonical":"https:\/\/richardexpress.com.do\/test\/terminos-y-condiciones\/","og_locale":"en_US","og_type":"article","og_title":"Terminos y condiciones -","og_description":"T\u00e9rminos y Condiciones Inicio T\u00e9rminos y Condiciones Pol\u00edtica de privacidad \u2013T\u00e9rminos y Condiciones Este web site recoge algunos Datos Personales de los Usuarios, correo: Correo: ventas@richardexpress.com.do Whatsapp: +1 (809) 308 9862 Clases de Datos recogidos Entre las clases de Datos Personales que en esta p\u00e1gina se encuentra: Cookie, Datos de Uso, direcci\u00f3n de correo electr\u00f3nico, [&hellip;]","og_url":"https:\/\/richardexpress.com.do\/test\/terminos-y-condiciones\/","article_publisher":"https:\/\/www.facebook.com\/profile.php?id=100069402438582","article_modified_time":"2025-06-16T04:39:53+00:00","twitter_card":"summary_large_image","twitter_misc":{"Est. reading time":"6 minutes"},"schema":{"@context":"https:\/\/schema.org","@graph":[{"@type":"WebPage","@id":"https:\/\/richardexpress.com.do\/test\/terminos-y-condiciones\/","url":"https:\/\/richardexpress.com.do\/test\/terminos-y-condiciones\/","name":"Terminos y condiciones -","isPartOf":{"@id":"https:\/\/richardexpress.com.do\/test\/#website"},"datePublished":"2025-06-16T01:42:15+00:00","dateModified":"2025-06-16T04:39:53+00:00","breadcrumb":{"@id":"https:\/\/richardexpress.com.do\/test\/terminos-y-condiciones\/#breadcrumb"},"inLanguage":"en-US","potentialAction":[{"@type":"ReadAction","target":["https:\/\/richardexpress.com.do\/test\/terminos-y-condiciones\/"]}]},{"@type":"BreadcrumbList","@id":"https:\/\/richardexpress.com.do\/test\/terminos-y-condiciones\/#breadcrumb","itemListElement":[{"@type":"ListItem","position":1,"name":"Home","item":"https:\/\/richardexpress.com.do\/test\/"},{"@type":"ListItem","position":2,"name":"Terminos y condiciones"}]},{"@type":"WebSite","@id":"https:\/\/richardexpress.com.do\/test\/#website","url":"https:\/\/richardexpress.com.do\/test\/","name":"Richard Express","description":"","publisher":{"@id":"https:\/\/richardexpress.com.do\/test\/#organization"},"potentialAction":[{"@type":"SearchAction","target":{"@type":"EntryPoint","urlTemplate":"https:\/\/richardexpress.com.do\/test\/?s={search_term_string}"},"query-input":{"@type":"PropertyValueSpecification","valueRequired":true,"valueName":"search_term_string"}}],"inLanguage":"en-US"},{"@type":"Organization","@id":"https:\/\/richardexpress.com.do\/test\/#organization","name":"Richard Express","url":"https:\/\/richardexpress.com.do\/test\/","logo":{"@type":"ImageObject","inLanguage":"en-US","@id":"https:\/\/richardexpress.com.do\/test\/#\/schema\/logo\/image\/","url":"https:\/\/richardexpress.com.do\/wp-content\/uploads\/2024\/05\/Logo_black_RichardExpress_2000.png","contentUrl":"https:\/\/richardexpress.com.do\/wp-content\/uploads\/2024\/05\/Logo_black_RichardExpress_2000.png","width":2000,"height":666,"caption":"Richard Express"},"image":{"@id":"https:\/\/richardexpress.com.do\/test\/#\/schema\/logo\/image\/"},"sameAs":["https:\/\/www.facebook.com\/profile.php?id=100069402438582","https:\/\/www.instagram.com\/richardexpress.com.do\/"]}]}},"_links":{"self":[{"href":"https:\/\/richardexpress.com.do\/test\/wp-json\/wp\/v2\/pages\/1257","targetHints":{"allow":["GET"]}}],"collection":[{"href":"https:\/\/richardexpress.com.do\/test\/wp-json\/wp\/v2\/pages"}],"about":[{"href":"https:\/\/richardexpress.com.do\/test\/wp-json\/wp\/v2\/types\/page"}],"author":[{"embeddable":true,"href":"https:\/\/richardexpress.com.do\/test\/wp-json\/wp\/v2\/users\/1"}],"replies":[{"embeddable":true,"href":"https:\/\/richardexpress.com.do\/test\/wp-json\/wp\/v2\/comments?post=1257"}],"version-history":[{"count":5,"href":"https:\/\/richardexpress.com.do\/test\/wp-json\/wp\/v2\/pages\/1257\/revisions"}],"predecessor-version":[{"id":1283,"href":"https:\/\/richardexpress.com.do\/test\/wp-json\/wp\/v2\/pages\/1257\/revisions\/1283"}],"wp:attachment":[{"href":"https:\/\/richardexpress.com.do\/test\/wp-json\/wp\/v2\/media?parent=1257"}],"curies":[{"name":"wp","href":"https:\/\/api.w.org\/{rel}","templated":true}]}}